{"id":573,"date":"2026-03-13T13:34:01","date_gmt":"2026-03-13T13:34:01","guid":{"rendered":"https:\/\/tienda.dragocanarias.com\/?post_type=product&#038;p=573"},"modified":"2026-04-07T09:52:14","modified_gmt":"2026-04-07T09:52:14","slug":"camiseta-8-estrellas-canarias-negra","status":"publish","type":"product","link":"https:\/\/tienda.dragocanarias.com\/?product=camiseta-8-estrellas-canarias-negra","title":{"rendered":"Camiseta 8 Estrellas Canarias negra"},"content":{"rendered":"<p>100% algod\u00f3n org\u00e1nico hilado y peinado<\/p>\n<p>Camiseta de corte oversized<\/p>\n<p>Manga pegada<\/p>\n<p>Cuello canal\u00e9 1&#215;1<\/p>\n<p>Bies interior tejido principal en el cuello<\/p>\n<p>Puntada doble ancha en pu\u00f1os y bajo<\/p>\n<p>Tejido lavado<\/p>\n<p>180 GMS<\/p>\n","protected":false},"excerpt":{"rendered":"<p><span style=\"font-weight: 400\">La Camiseta 8 Estrellas Canarias presenta un corte oversized. Est\u00e1 confeccionada en algod\u00f3n 100% ecol\u00f3gico, hilado y peinado, con un gramaje de 200 GSM. Esto se traduce en un tejido de alta calidad, excepcionalmente suave, resistente y c\u00f3modo para el d\u00eda a d\u00eda.<\/span><\/p>\n<p><span style=\"font-weight: 400\">Las ocho estrellas representan la identidad y el orgullo de un archipi\u00e9lago \u00fanico. Este dise\u00f1o rinde homenaje a cada una de las islas, convirti\u00e9ndose en un s\u00edmbolo de uni\u00f3n, pertenencia y amor por Canarias. Un dise\u00f1o ideado por Raquel Silva y Drago Canarias.<\/span><\/p>\n<p><span style=\"font-weight: 400\">El estampado se realiza mediante serigraf\u00eda artesanal con <\/span><a href=\"https:\/\/www.sociedadeuropeatextil.com\/certificaciones.php\"><b>tintas base agua<\/b><\/a><span style=\"font-weight: 400\">, una t\u00e9cnica que cuida cada detalle y minimiza el impacto medioambiental.<\/span><\/p>\n","protected":false},"featured_media":475,"template":"","meta":[],"product_brand":[],"product_cat":[15],"product_tag":[],"class_list":{"0":"post-573","1":"product","2":"type-product","3":"status-publish","4":"has-post-thumbnail","6":"product_cat-camisetas","8":"first","9":"instock","10":"taxable","11":"shipping-taxable","12":"purchasable","13":"product-type-variable"},"_links":{"self":[{"href":"https:\/\/tienda.dragocanarias.com\/index.php?rest_route=\/wp\/v2\/product\/573","targetHints":{"allow":["GET"]}}],"collection":[{"href":"https:\/\/tienda.dragocanarias.com\/index.php?rest_route=\/wp\/v2\/product"}],"about":[{"href":"https:\/\/tienda.dragocanarias.com\/index.php?rest_route=\/wp\/v2\/types\/product"}],"wp:featuredmedia":[{"embeddable":true,"href":"https:\/\/tienda.dragocanarias.com\/index.php?rest_route=\/wp\/v2\/media\/475"}],"wp:attachment":[{"href":"https:\/\/tienda.dragocanarias.com\/index.php?rest_route=%2Fwp%2Fv2%2Fmedia&parent=573"}],"wp:term":[{"taxonomy":"product_brand","embeddable":true,"href":"https:\/\/tienda.dragocanarias.com\/index.php?rest_route=%2Fwp%2Fv2%2Fproduct_brand&post=573"},{"taxonomy":"product_cat","embeddable":true,"href":"https:\/\/tienda.dragocanarias.com\/index.php?rest_route=%2Fwp%2Fv2%2Fproduct_cat&post=573"},{"taxonomy":"product_tag","embeddable":true,"href":"https:\/\/tienda.dragocanarias.com\/index.php?rest_route=%2Fwp%2Fv2%2Fproduct_tag&post=573"}],"curies":[{"name":"wp","href":"https:\/\/api.w.org\/{rel}","templated":true}]}}